{"id":774,"date":"2025-11-06T15:29:37","date_gmt":"2025-11-06T15:29:37","guid":{"rendered":"https:\/\/escapadenaturelle7573.live-website.com\/?page_id=774"},"modified":"2025-12-02T15:04:40","modified_gmt":"2025-12-02T15:04:40","slug":"mentions-legales","status":"publish","type":"page","link":"https:\/\/escapadenaturelle7573.live-website.com\/en\/mentions-legales\/","title":{"rendered":"Legal notices"},"content":{"rendered":"<div data-elementor-type=\"wp-page\" data-elementor-id=\"774\" class=\"elementor elementor-774\">\n\t\t\t\t<div class=\"elementor-element elementor-element-ccbb231 e-flex e-con-boxed e-con e-parent\" data-id=\"ccbb231\" data-element_type=\"container\" data-settings=\"{&quot;background_background&quot;:&quot;classic&quot;}\">\n\t\t\t\t\t<div class=\"e-con-inner\">\n\t\t\t\t<div class=\"elementor-element elementor-element-fe9a027 elementor-widget elementor-widget-heading\" data-id=\"fe9a027\" data-element_type=\"widget\" data-widget_type=\"heading.default\">\n\t\t\t\t\t<h1 class=\"elementor-heading-title elementor-size-default\">Legal notices<\/h1>\t\t\t\t<\/div>\n\t\t\t\t\t<\/div>\n\t\t\t\t<\/div>\n\t\t<div class=\"elementor-element elementor-element-0d450c0 e-flex e-con-boxed e-con e-parent\" data-id=\"0d450c0\" data-element_type=\"container\">\n\t\t\t\t\t<div class=\"e-con-inner\">\n\t\t\t\t<div class=\"elementor-element elementor-element-a0fdee9 elementor-widget elementor-widget-spacer\" data-id=\"a0fdee9\" data-element_type=\"widget\" data-widget_type=\"spacer.default\">\n\t\t\t\t\t\t\t<div class=\"elementor-spacer\">\n\t\t\t<div class=\"elementor-spacer-inner\"><\/div>\n\t\t<\/div>\n\t\t\t\t\t\t<\/div>\n\t\t\t\t<div class=\"elementor-element elementor-element-cd359cc elementor-widget__width-initial elementor-widget elementor-widget-image\" data-id=\"cd359cc\" data-element_type=\"widget\" data-widget_type=\"image.default\">\n\t\t\t\t\t\t\t\t\t\t\t\t\t\t\t<img fetchpriority=\"high\" decoding=\"async\" width=\"950\" height=\"229\" src=\"https:\/\/escapadenaturelle7573.live-website.com\/wp-content\/uploads\/2025\/10\/ChatGPT-Image-10-oct.-2025-14_44_21-e1760100345290-1024x247.png\" class=\"attachment-large size-large wp-image-156\" alt=\"Logo escapade naturelle - H\u00e9bergements insolites\" srcset=\"https:\/\/escapadenaturelle7573.live-website.com\/wp-content\/uploads\/2025\/10\/ChatGPT-Image-10-oct.-2025-14_44_21-e1760100345290-1024x247.png 1024w, https:\/\/escapadenaturelle7573.live-website.com\/wp-content\/uploads\/2025\/10\/ChatGPT-Image-10-oct.-2025-14_44_21-e1760100345290-300x72.png 300w, https:\/\/escapadenaturelle7573.live-website.com\/wp-content\/uploads\/2025\/10\/ChatGPT-Image-10-oct.-2025-14_44_21-e1760100345290-768x185.png 768w, https:\/\/escapadenaturelle7573.live-website.com\/wp-content\/uploads\/2025\/10\/ChatGPT-Image-10-oct.-2025-14_44_21-e1760100345290-18x4.png 18w, https:\/\/escapadenaturelle7573.live-website.com\/wp-content\/uploads\/2025\/10\/ChatGPT-Image-10-oct.-2025-14_44_21-e1760100345290.png 1536w\" sizes=\"100vw\" \/>\t\t\t\t\t\t\t\t\t\t\t\t\t\t\t<\/div>\n\t\t\t\t\t<\/div>\n\t\t\t\t<\/div>\n\t\t<div class=\"elementor-element elementor-element-ddb7f79 e-flex e-con-boxed e-con e-parent\" data-id=\"ddb7f79\" data-element_type=\"container\">\n\t\t\t\t\t<div class=\"e-con-inner\">\n\t\t\t\t<div class=\"elementor-element elementor-element-87d70e2 elementor-widget elementor-widget-spacer\" data-id=\"87d70e2\" data-element_type=\"widget\" data-widget_type=\"spacer.default\">\n\t\t\t\t\t\t\t<div class=\"elementor-spacer\">\n\t\t\t<div class=\"elementor-spacer-inner\"><\/div>\n\t\t<\/div>\n\t\t\t\t\t\t<\/div>\n\t\t\t\t<div class=\"elementor-element elementor-element-29666ce elementor-widget elementor-widget-text-editor\" data-id=\"29666ce\" data-element_type=\"widget\" data-widget_type=\"text-editor.default\">\n\t\t\t\t\t\t\t\t\t<p><span style=\"font-weight: 400;\">Conform\u00e9ment aux dispositions de la loi n\u00b0 2004-575 du 21 juin 2004 pour la confiance en l&#8217;\u00e9conomie num\u00e9rique, il est pr\u00e9cis\u00e9 aux utilisateurs du site Escapade Naturelle l&#8217;identit\u00e9 des diff\u00e9rents intervenants dans le cadre de sa r\u00e9alisation et de son suivi. Vous d\u00e9couvrirez les mentions l\u00e9gales de notre site ci-dessous.<\/span><\/p>\n<p><b>Edition du site&nbsp;<\/b><\/p>\n<p><span style=\"font-weight: 400;\">Le pr\u00e9sent site, accessible \u00e0 l\u2019URL https:\/\/escapadenaturelle7573.live-website.com\/wp-admin\/post.php?post=774&amp;action=elementor (le \u00ab Site \u00bb), est \u00e9dit\u00e9 par : <\/span><span style=\"font-weight: 400;\">Laura Marc, r\u00e9sidant Universit\u00e9 C\u00f4te d&#8217;Azur, 06 200 Nice, de nationalit\u00e9 Fran\u00e7aise (France), n\u00e9(e) le 01\/10\/2003, <\/span><\/p>\n<p><b>H\u00e9bergement<\/b><\/p>\n<p><span style=\"font-weight: 400;\">Le Site est h\u00e9berg\u00e9 par la soci\u00e9t\u00e9 Ionos, situ\u00e9 adresse h\u00e9bergeur, (contact t\u00e9l\u00e9phonique ou email : +33645330166).<\/span><\/p>\n<p><b>Directeur de publication&nbsp;<\/b><\/p>\n<p><span style=\"font-weight: 400;\">Le Directeur de la publication du Site est Laura Marc.<\/span><\/p>\n<p><b>Nous contacter&nbsp;<\/b><\/p>\n<p><span style=\"font-weight: 400;\">Par t\u00e9l\u00e9phone&nbsp;: +33645330166<\/span><\/p>\n<p><span style=\"font-weight: 400;\">Par email&nbsp;: lauramarc3449@gmail.com<\/span><\/p>\n<p><span style=\"font-weight: 400;\">Par courrier&nbsp;: Universit\u00e9 C\u00f4te d&#8217;Azur, 06 200 Nice<\/span><\/p>\n<p><b>Donn\u00e9es personnelles<\/b><\/p>\n<p><span style=\"font-weight: 400;\">Le traitement de vos donn\u00e9es \u00e0 caract\u00e8re personnel est r\u00e9gi par notre Charte du respect de la vie priv\u00e9e, disponible depuis la section &#8220;Charte de Protection des Donn\u00e9es Personnelles&#8221;, conform\u00e9ment au R\u00e8glement G\u00e9n\u00e9ral sur la Protection des Donn\u00e9es 2016\/679 du 27 avril 2016 (\u00abRGPD\u00bb).<\/span><\/p>\n<p><span style=\"font-weight: 400;\">G\u00e9n\u00e9ration des mentions l\u00e9gales par <\/span><a href=\"https:\/\/www.legalstart.fr\/\"><span style=\"font-weight: 400;\">Legalstart<\/span><\/a><span style=\"font-weight: 400;\">.<\/span><\/p>\t\t\t\t\t\t\t\t<\/div>\n\t\t\t\t\t<\/div>\n\t\t\t\t<\/div>\n\t\t\t\t<\/div>","protected":false},"excerpt":{"rendered":"<p>Mentions l\u00e9gales Conform\u00e9ment aux dispositions de la loi n\u00b0 2004-575 du 21 juin 2004 pour la confiance en l&#8217;\u00e9conomie num\u00e9rique, il est pr\u00e9cis\u00e9 aux utilisateurs du site Escapade Naturelle l&#8217;identit\u00e9 des diff\u00e9rents intervenants dans le cadre de sa r\u00e9alisation et de son suivi. Vous d\u00e9couvrirez les mentions l\u00e9gales de notre site ci-dessous. Edition du site&nbsp; &hellip; <\/p>\n<p class=\"link-more\"><a href=\"https:\/\/escapadenaturelle7573.live-website.com\/en\/mentions-legales\/\" class=\"more-link\">Read more<span class=\"screen-reader-text\"> &#8220;Mentions l\u00e9gales&#8221;<\/span><\/a><\/p>","protected":false},"author":1,"featured_media":0,"parent":0,"menu_order":0,"comment_status":"closed","ping_status":"closed","template":"elementor_header_footer","meta":{"_monsterinsights_skip_tracking":false,"_monsterinsights_sitenote_active":false,"_monsterinsights_sitenote_note":"","_monsterinsights_sitenote_category":0,"footnotes":""},"class_list":["post-774","page","type-page","status-publish","hentry"],"yoast_head":"<!-- This site is optimized with the Yoast SEO plugin v26.5 - https:\/\/yoast.com\/wordpress\/plugins\/seo\/ -->\n<title>Mentions l\u00e9gales - escapadenaturelle<\/title>\n<meta name=\"description\" content=\"Mentions l\u00e9gales du site d\u00e9di\u00e9 aux h\u00e9bergements insolites en PACA : informations sur l\u2019\u00e9diteur, l\u2019h\u00e9bergement et la protection des donn\u00e9es.\" \/>\n<meta name=\"robots\" content=\"index, follow, max-snippet:-1, max-image-preview:large, max-video-preview:-1\" \/>\n<link rel=\"canonical\" href=\"https:\/\/escapadenaturelle7573.live-website.com\/en\/mentions-legales\/\" \/>\n<meta property=\"og:locale\" content=\"en_GB\" \/>\n<meta property=\"og:type\" content=\"article\" \/>\n<meta property=\"og:title\" content=\"Mentions l\u00e9gales - escapadenaturelle\" \/>\n<meta property=\"og:description\" content=\"Mentions l\u00e9gales du site d\u00e9di\u00e9 aux h\u00e9bergements insolites en PACA : informations sur l\u2019\u00e9diteur, l\u2019h\u00e9bergement et la protection des donn\u00e9es.\" \/>\n<meta property=\"og:url\" content=\"https:\/\/escapadenaturelle7573.live-website.com\/en\/mentions-legales\/\" \/>\n<meta property=\"og:site_name\" content=\"escapadenaturelle\" \/>\n<meta property=\"article:modified_time\" content=\"2025-12-02T15:04:40+00:00\" \/>\n<meta property=\"og:image\" content=\"https:\/\/escapadenaturelle7573.live-website.com\/wp-content\/uploads\/2025\/10\/ChatGPT-Image-10-oct.-2025-14_44_21-e1760100345290-1024x247.png\" \/>\n<meta name=\"twitter:card\" content=\"summary_large_image\" \/>\n<meta name=\"twitter:label1\" content=\"Estimated reading time\" \/>\n\t<meta name=\"twitter:data1\" content=\"2 minutes\" \/>\n<script type=\"application\/ld+json\" class=\"yoast-schema-graph\">{\"@context\":\"https:\/\/schema.org\",\"@graph\":[{\"@type\":\"WebPage\",\"@id\":\"https:\/\/escapadenaturelle7573.live-website.com\/mentions-legales\/\",\"url\":\"https:\/\/escapadenaturelle7573.live-website.com\/mentions-legales\/\",\"name\":\"Mentions l\u00e9gales - escapadenaturelle\",\"isPartOf\":{\"@id\":\"https:\/\/escapadenaturelle7573.live-website.com\/#website\"},\"primaryImageOfPage\":{\"@id\":\"https:\/\/escapadenaturelle7573.live-website.com\/mentions-legales\/#primaryimage\"},\"image\":{\"@id\":\"https:\/\/escapadenaturelle7573.live-website.com\/mentions-legales\/#primaryimage\"},\"thumbnailUrl\":\"https:\/\/escapadenaturelle7573.live-website.com\/wp-content\/uploads\/2025\/10\/ChatGPT-Image-10-oct.-2025-14_44_21-e1760100345290-1024x247.png\",\"datePublished\":\"2025-11-06T15:29:37+00:00\",\"dateModified\":\"2025-12-02T15:04:40+00:00\",\"description\":\"Mentions l\u00e9gales du site d\u00e9di\u00e9 aux h\u00e9bergements insolites en PACA : informations sur l\u2019\u00e9diteur, l\u2019h\u00e9bergement et la protection des donn\u00e9es.\",\"breadcrumb\":{\"@id\":\"https:\/\/escapadenaturelle7573.live-website.com\/mentions-legales\/#breadcrumb\"},\"inLanguage\":\"en-GB\",\"potentialAction\":[{\"@type\":\"ReadAction\",\"target\":[\"https:\/\/escapadenaturelle7573.live-website.com\/mentions-legales\/\"]}]},{\"@type\":\"ImageObject\",\"inLanguage\":\"en-GB\",\"@id\":\"https:\/\/escapadenaturelle7573.live-website.com\/mentions-legales\/#primaryimage\",\"url\":\"https:\/\/escapadenaturelle7573.live-website.com\/wp-content\/uploads\/2025\/10\/ChatGPT-Image-10-oct.-2025-14_44_21-e1760100345290-1024x247.png\",\"contentUrl\":\"https:\/\/escapadenaturelle7573.live-website.com\/wp-content\/uploads\/2025\/10\/ChatGPT-Image-10-oct.-2025-14_44_21-e1760100345290-1024x247.png\"},{\"@type\":\"BreadcrumbList\",\"@id\":\"https:\/\/escapadenaturelle7573.live-website.com\/mentions-legales\/#breadcrumb\",\"itemListElement\":[{\"@type\":\"ListItem\",\"position\":1,\"name\":\"Accueil\",\"item\":\"https:\/\/escapadenaturelle7573.live-website.com\/\"},{\"@type\":\"ListItem\",\"position\":2,\"name\":\"Mentions l\u00e9gales\"}]},{\"@type\":\"WebSite\",\"@id\":\"https:\/\/escapadenaturelle7573.live-website.com\/#website\",\"url\":\"https:\/\/escapadenaturelle7573.live-website.com\/\",\"name\":\"escapadenaturelle\",\"description\":\"D\u00e9couvrez tous les h\u00e9bergements insolites de la r\u00e9gion PACA !\",\"publisher\":{\"@id\":\"https:\/\/escapadenaturelle7573.live-website.com\/#organization\"},\"potentialAction\":[{\"@type\":\"SearchAction\",\"target\":{\"@type\":\"EntryPoint\",\"urlTemplate\":\"https:\/\/escapadenaturelle7573.live-website.com\/?s={search_term_string}\"},\"query-input\":{\"@type\":\"PropertyValueSpecification\",\"valueRequired\":true,\"valueName\":\"search_term_string\"}}],\"inLanguage\":\"en-GB\"},{\"@type\":\"Organization\",\"@id\":\"https:\/\/escapadenaturelle7573.live-website.com\/#organization\",\"name\":\"escapadenaturelle\",\"url\":\"https:\/\/escapadenaturelle7573.live-website.com\/\",\"logo\":{\"@type\":\"ImageObject\",\"inLanguage\":\"en-GB\",\"@id\":\"https:\/\/escapadenaturelle7573.live-website.com\/#\/schema\/logo\/image\/\",\"url\":\"https:\/\/escapadenaturelle7573.live-website.com\/wp-content\/uploads\/2025\/10\/Logo-escapade-naturelle-e1760087684286.webp\",\"contentUrl\":\"https:\/\/escapadenaturelle7573.live-website.com\/wp-content\/uploads\/2025\/10\/Logo-escapade-naturelle-e1760087684286.webp\",\"width\":1024,\"height\":1024,\"caption\":\"escapadenaturelle\"},\"image\":{\"@id\":\"https:\/\/escapadenaturelle7573.live-website.com\/#\/schema\/logo\/image\/\"}}]}<\/script>\n<!-- \/ Yoast SEO plugin. -->","yoast_head_json":{"title":"Mentions l\u00e9gales - escapadenaturelle","description":"Mentions l\u00e9gales du site d\u00e9di\u00e9 aux h\u00e9bergements insolites en PACA : informations sur l\u2019\u00e9diteur, l\u2019h\u00e9bergement et la protection des donn\u00e9es.","robots":{"index":"index","follow":"follow","max-snippet":"max-snippet:-1","max-image-preview":"max-image-preview:large","max-video-preview":"max-video-preview:-1"},"canonical":"https:\/\/escapadenaturelle7573.live-website.com\/en\/mentions-legales\/","og_locale":"en_GB","og_type":"article","og_title":"Mentions l\u00e9gales - escapadenaturelle","og_description":"Mentions l\u00e9gales du site d\u00e9di\u00e9 aux h\u00e9bergements insolites en PACA : informations sur l\u2019\u00e9diteur, l\u2019h\u00e9bergement et la protection des donn\u00e9es.","og_url":"https:\/\/escapadenaturelle7573.live-website.com\/en\/mentions-legales\/","og_site_name":"escapadenaturelle","article_modified_time":"2025-12-02T15:04:40+00:00","og_image":[{"url":"https:\/\/escapadenaturelle7573.live-website.com\/wp-content\/uploads\/2025\/10\/ChatGPT-Image-10-oct.-2025-14_44_21-e1760100345290-1024x247.png","type":"","width":"","height":""}],"twitter_card":"summary_large_image","twitter_misc":{"Estimated reading time":"2 minutes"},"schema":{"@context":"https:\/\/schema.org","@graph":[{"@type":"WebPage","@id":"https:\/\/escapadenaturelle7573.live-website.com\/mentions-legales\/","url":"https:\/\/escapadenaturelle7573.live-website.com\/mentions-legales\/","name":"Mentions l\u00e9gales - escapadenaturelle","isPartOf":{"@id":"https:\/\/escapadenaturelle7573.live-website.com\/#website"},"primaryImageOfPage":{"@id":"https:\/\/escapadenaturelle7573.live-website.com\/mentions-legales\/#primaryimage"},"image":{"@id":"https:\/\/escapadenaturelle7573.live-website.com\/mentions-legales\/#primaryimage"},"thumbnailUrl":"https:\/\/escapadenaturelle7573.live-website.com\/wp-content\/uploads\/2025\/10\/ChatGPT-Image-10-oct.-2025-14_44_21-e1760100345290-1024x247.png","datePublished":"2025-11-06T15:29:37+00:00","dateModified":"2025-12-02T15:04:40+00:00","description":"Mentions l\u00e9gales du site d\u00e9di\u00e9 aux h\u00e9bergements insolites en PACA : informations sur l\u2019\u00e9diteur, l\u2019h\u00e9bergement et la protection des donn\u00e9es.","breadcrumb":{"@id":"https:\/\/escapadenaturelle7573.live-website.com\/mentions-legales\/#breadcrumb"},"inLanguage":"en-GB","potentialAction":[{"@type":"ReadAction","target":["https:\/\/escapadenaturelle7573.live-website.com\/mentions-legales\/"]}]},{"@type":"ImageObject","inLanguage":"en-GB","@id":"https:\/\/escapadenaturelle7573.live-website.com\/mentions-legales\/#primaryimage","url":"https:\/\/escapadenaturelle7573.live-website.com\/wp-content\/uploads\/2025\/10\/ChatGPT-Image-10-oct.-2025-14_44_21-e1760100345290-1024x247.png","contentUrl":"https:\/\/escapadenaturelle7573.live-website.com\/wp-content\/uploads\/2025\/10\/ChatGPT-Image-10-oct.-2025-14_44_21-e1760100345290-1024x247.png"},{"@type":"BreadcrumbList","@id":"https:\/\/escapadenaturelle7573.live-website.com\/mentions-legales\/#breadcrumb","itemListElement":[{"@type":"ListItem","position":1,"name":"Accueil","item":"https:\/\/escapadenaturelle7573.live-website.com\/"},{"@type":"ListItem","position":2,"name":"Mentions l\u00e9gales"}]},{"@type":"WebSite","@id":"https:\/\/escapadenaturelle7573.live-website.com\/#website","url":"https:\/\/escapadenaturelle7573.live-website.com\/","name":"escapadenaturelle","description":"D\u00e9couvrez tous les h\u00e9bergements insolites de la r\u00e9gion PACA !","publisher":{"@id":"https:\/\/escapadenaturelle7573.live-website.com\/#organization"},"potentialAction":[{"@type":"SearchAction","target":{"@type":"EntryPoint","urlTemplate":"https:\/\/escapadenaturelle7573.live-website.com\/?s={search_term_string}"},"query-input":{"@type":"PropertyValueSpecification","valueRequired":true,"valueName":"search_term_string"}}],"inLanguage":"en-GB"},{"@type":"Organization","@id":"https:\/\/escapadenaturelle7573.live-website.com\/#organization","name":"escapadenaturelle","url":"https:\/\/escapadenaturelle7573.live-website.com\/","logo":{"@type":"ImageObject","inLanguage":"en-GB","@id":"https:\/\/escapadenaturelle7573.live-website.com\/#\/schema\/logo\/image\/","url":"https:\/\/escapadenaturelle7573.live-website.com\/wp-content\/uploads\/2025\/10\/Logo-escapade-naturelle-e1760087684286.webp","contentUrl":"https:\/\/escapadenaturelle7573.live-website.com\/wp-content\/uploads\/2025\/10\/Logo-escapade-naturelle-e1760087684286.webp","width":1024,"height":1024,"caption":"escapadenaturelle"},"image":{"@id":"https:\/\/escapadenaturelle7573.live-website.com\/#\/schema\/logo\/image\/"}}]}},"_links":{"self":[{"href":"https:\/\/escapadenaturelle7573.live-website.com\/en\/wp-json\/wp\/v2\/pages\/774","targetHints":{"allow":["GET"]}}],"collection":[{"href":"https:\/\/escapadenaturelle7573.live-website.com\/en\/wp-json\/wp\/v2\/pages"}],"about":[{"href":"https:\/\/escapadenaturelle7573.live-website.com\/en\/wp-json\/wp\/v2\/types\/page"}],"author":[{"embeddable":true,"href":"https:\/\/escapadenaturelle7573.live-website.com\/en\/wp-json\/wp\/v2\/users\/1"}],"replies":[{"embeddable":true,"href":"https:\/\/escapadenaturelle7573.live-website.com\/en\/wp-json\/wp\/v2\/comments?post=774"}],"version-history":[{"count":7,"href":"https:\/\/escapadenaturelle7573.live-website.com\/en\/wp-json\/wp\/v2\/pages\/774\/revisions"}],"predecessor-version":[{"id":1018,"href":"https:\/\/escapadenaturelle7573.live-website.com\/en\/wp-json\/wp\/v2\/pages\/774\/revisions\/1018"}],"wp:attachment":[{"href":"https:\/\/escapadenaturelle7573.live-website.com\/en\/wp-json\/wp\/v2\/media?parent=774"}],"curies":[{"name":"wp","href":"https:\/\/api.w.org\/{rel}","templated":true}]}}