{"id":773,"date":"2025-11-06T15:29:37","date_gmt":"2025-11-06T15:29:37","guid":{"rendered":"https:\/\/escapadenaturelle7573.live-website.com\/?page_id=773"},"modified":"2025-12-02T15:04:57","modified_gmt":"2025-12-02T15:04:57","slug":"politique-de-confidentialite","status":"publish","type":"page","link":"https:\/\/escapadenaturelle7573.live-website.com\/en\/politique-de-confidentialite\/","title":{"rendered":"Privacy policy"},"content":{"rendered":"<div data-elementor-type=\"wp-page\" data-elementor-id=\"773\" class=\"elementor elementor-773\">\n\t\t\t\t<div class=\"elementor-element elementor-element-68d1694 e-flex e-con-boxed e-con e-parent\" data-id=\"68d1694\" data-element_type=\"container\" data-settings=\"{&quot;background_background&quot;:&quot;classic&quot;}\">\n\t\t\t\t\t<div class=\"e-con-inner\">\n\t\t\t\t<div class=\"elementor-element elementor-element-912dee2 elementor-widget elementor-widget-heading\" data-id=\"912dee2\" data-element_type=\"widget\" data-widget_type=\"heading.default\">\n\t\t\t\t\t<h1 class=\"elementor-heading-title elementor-size-default\">Politique de confidentialit\u00e9 de Escapade Naturelle<\/h1>\t\t\t\t<\/div>\n\t\t\t\t\t<\/div>\n\t\t\t\t<\/div>\n\t\t<div class=\"elementor-element elementor-element-58cddb4 e-flex e-con-boxed e-con e-parent\" data-id=\"58cddb4\" data-element_type=\"container\">\n\t\t\t\t\t<div class=\"e-con-inner\">\n\t\t\t\t<div class=\"elementor-element elementor-element-1997bc5 elementor-widget elementor-widget-spacer\" data-id=\"1997bc5\" data-element_type=\"widget\" data-widget_type=\"spacer.default\">\n\t\t\t\t\t\t\t<div class=\"elementor-spacer\">\n\t\t\t<div class=\"elementor-spacer-inner\"><\/div>\n\t\t<\/div>\n\t\t\t\t\t\t<\/div>\n\t\t\t\t<div class=\"elementor-element elementor-element-696617c elementor-widget__width-initial elementor-widget elementor-widget-image\" data-id=\"696617c\" data-element_type=\"widget\" data-widget_type=\"image.default\">\n\t\t\t\t\t\t\t\t\t\t\t\t\t\t\t<img fetchpriority=\"high\" decoding=\"async\" width=\"950\" height=\"229\" src=\"https:\/\/escapadenaturelle7573.live-website.com\/wp-content\/uploads\/2025\/10\/ChatGPT-Image-10-oct.-2025-14_44_21-e1760100345290-1024x247.png\" class=\"attachment-large size-large wp-image-156\" alt=\"Logo escapade naturelle - H\u00e9bergements insolites\" srcset=\"https:\/\/escapadenaturelle7573.live-website.com\/wp-content\/uploads\/2025\/10\/ChatGPT-Image-10-oct.-2025-14_44_21-e1760100345290-1024x247.png 1024w, https:\/\/escapadenaturelle7573.live-website.com\/wp-content\/uploads\/2025\/10\/ChatGPT-Image-10-oct.-2025-14_44_21-e1760100345290-300x72.png 300w, https:\/\/escapadenaturelle7573.live-website.com\/wp-content\/uploads\/2025\/10\/ChatGPT-Image-10-oct.-2025-14_44_21-e1760100345290-768x185.png 768w, https:\/\/escapadenaturelle7573.live-website.com\/wp-content\/uploads\/2025\/10\/ChatGPT-Image-10-oct.-2025-14_44_21-e1760100345290-18x4.png 18w, https:\/\/escapadenaturelle7573.live-website.com\/wp-content\/uploads\/2025\/10\/ChatGPT-Image-10-oct.-2025-14_44_21-e1760100345290.png 1536w\" sizes=\"100vw\" \/>\t\t\t\t\t\t\t\t\t\t\t\t\t\t\t<\/div>\n\t\t\t\t\t<\/div>\n\t\t\t\t<\/div>\n\t\t<div class=\"elementor-element elementor-element-0de9a89 e-flex e-con-boxed e-con e-parent\" data-id=\"0de9a89\" data-element_type=\"container\">\n\t\t\t\t\t<div class=\"e-con-inner\">\n\t\t\t\t<div class=\"elementor-element elementor-element-045c375 elementor-widget elementor-widget-spacer\" data-id=\"045c375\" data-element_type=\"widget\" data-widget_type=\"spacer.default\">\n\t\t\t\t\t\t\t<div class=\"elementor-spacer\">\n\t\t\t<div class=\"elementor-spacer-inner\"><\/div>\n\t\t<\/div>\n\t\t\t\t\t\t<\/div>\n\t\t\t\t<div class=\"elementor-element elementor-element-f8a161d elementor-widget elementor-widget-text-editor\" data-id=\"f8a161d\" data-element_type=\"widget\" data-widget_type=\"text-editor.default\">\n\t\t\t\t\t\t\t\t\t<p>La pr\u00e9sente Politique de confidentialit\u00e9 d\u00e9crit la fa\u00e7on dont vos informations personnelles sont recueillies, utilis\u00e9es et partag\u00e9es lorsque vous vous rendez sur https:\/\/escapadenaturelle7573.live-website.com\/wp-admin\/plugins.php (le \u00ab Site \u00bb).<br \/>INFORMATIONS PERSONNELLES RECUEILLIES<br \/>Lorsque vous vous rendez sur le Site, nous recueillons automatiquement certaines informations concernant votre appareil, notamment des informations sur votre navigateur web, votre adresse IP, votre fuseau horaire et certains des cookies qui sont install\u00e9s sur votre appareil. En outre, lorsque vous parcourez le Site, nous recueillons des informations sur les pages web ou produits individuels que vous consultez, les sites web ou les termes de recherche qui vous ont permis d&#8217;arriver sur le Site, ainsi que des informations sur la mani\u00e8re dont vous interagissez avec le Site. Nous d\u00e9signons ces informations collect\u00e9es automatiquement sous l&#8217;appellation \u00ab Informations sur l&#8217;appareil \u00bb.<br \/>Nous recueillons les Informations sur l&#8217;appareil \u00e0 l&#8217;aide des technologies suivantes :<br \/>&#8211; Les \u00ab fichiers journaux \u00bb suivent l&#8217;activit\u00e9 du Site et recueillent des donn\u00e9es telles que votre adresse IP, le type de navigateur que vous utilisez, votre<br \/>fournisseur d&#8217;acc\u00e8s Internet, vos pages r\u00e9f\u00e9rentes et de sortie, et vos donn\u00e9es d&#8217;horodatage (date et heure).<br \/>&#8211; Les \u00ab pixels invisibles \u00bb, les \u00ab balises \u00bb et les \u00ab pixels \u00bb sont des fichiers \u00e9lectroniques qui enregistrent des informations sur la fa\u00e7on dont vous parcourez le Site.<br \/>[[INS\u00c9RER LES DESCRIPTIONS DES AUTRES TYPES DE TECHNOLOGIES DE SUIVI QUE VOUS UTILISEZ]]<br \/>Par ailleurs, lorsque vous effectuez ou tentez d&#8217;effectuer un achat par le biais du Site, nous recueillons certaines informations vous concernant,<br \/>notamment votre nom, votre adresse de facturation, votre adresse d&#8217;exp\u00e9dition, vos informations de paiement (y compris vos num\u00e9ros de cartes de cr\u00e9dit [[INS\u00c9RER LES AUTRES MOYENS DE PAIEMENT ACCEPT\u00c9S, LE CAS \u00c9CH\u00c9ANT]], votre adresse e-mail et votre num\u00e9ro de t\u00e9l\u00e9phone. Ces informations<br \/>collect\u00e9es automatiquement sont d\u00e9sign\u00e9es par l\u2019appellation \u00ab Informations sur la commande \u00bb.<br \/>[[INS\u00c9RER TOUTES LES AUTRES INFORMATIONS QUE VOUS RECUEILLEZ, LE CAS \u00c9CH\u00c9ANT : DONN\u00c9ES HORS LIGNE, DONN\u00c9ES\/LISTES ACHET\u00c9ES \u00c0 DES FINDE MARKETING]]<br \/>Lorsque nous utilisons l&#8217;expression \u00ab Informations personnelles \u00bb dans la pr\u00e9sente Politique de confidentialit\u00e9, nous faisons allusion \u00e0 la fois aux<br \/>Informations sur l&#8217;appareil et aux Informations sur la commande.<br \/>COMMENT UTILISONS-NOUS VOS INFORMATIONS PERSONNELLES ?<br \/>En r\u00e8gle g\u00e9n\u00e9rale, nous utilisons les Informations sur la commande que nous recueillons pour traiter toute commande pass\u00e9e par le biais du Site (y<br \/>compris pour traiter vos informations de paiement, organiser l&#8217;exp\u00e9dition de votre commande et vous fournir des factures et\/ou des confirmations de<br \/>commande). En outre, nous utilisons ces Informations sur la commande pour :<br \/>communiquer avec vous ;<br \/>\u00e9valuer les fraudes ou risques potentiels ; et<br \/>lorsque cela correspond aux pr\u00e9f\u00e9rences que vous nous avez communiqu\u00e9es, vous fournir des informations ou des publicit\u00e9s concernant nos produits ou services.<br \/>[[INS\u00c9RER LES AUTRES UTILISATIONS QUI SONT FAITES DES INFORMATIONS SUR LA COMMANDE]]<br \/>Nous utilisons les Informations sur l&#8217;appareil (en particulier votre adresse IP) que nous recueillons pour \u00e9valuer les fraudes ou risques potentiels et, de<br \/>mani\u00e8re plus g\u00e9n\u00e9rale, pour am\u00e9liorer et optimiser notre Site (par exemple, en g\u00e9n\u00e9rant des analyses sur la fa\u00e7on dont nos clients parcourent et<br \/>interagissent avec le Site, et pour \u00e9valuer la r\u00e9ussite de nos campagnes de publicit\u00e9 et de marketing).<br \/>[[INS\u00c9RER LES AUTRES UTILISATIONS QUI SONT FAITES DES INFORMATIONS SUR L&#8217;APPAREIL, NOTAMMENT EN MATI\u00c8RE DE PUBLICIT\u00c9 ET DE RECIBLAGE]PARTAGE DE VOS INFORMATIONS PERSONNELLES<br \/>Nous partageons vos Informations personnelles avec des tiers qui nous aident \u00e0 les utiliser aux fins d\u00e9crites pr\u00e9c\u00e9demment. Par exemple, nous utilisons Shopify pour h\u00e9berger notre boutique en ligne \u2013 pour en savoir plus sur l&#8217;utilisation de vos Informations personnelles par Shopify, veuillez consulter la page suivante : https:\/\/www.shopify.fr\/legal\/confidentialite. Nous utilisons \u00e9galement Google Analytics pour mieux comprendre comment nos clients utilisent le Site \u2013 pour en savoir plus sur l&#8217;utilisation de vos Informations personnelles par Google, veuillez consulter la page suivante :<br \/>https:\/\/www.google.com\/intl\/fr\/policies\/privacy\/. Vous pouvez aussi d\u00e9sactiver Google Analytics ici : https:\/\/tools.google.com\/dlpage\/gaoptout.<br \/>Enfin, il se peut que nous partagions aussi vos Informations personnelles pour respecter les lois et r\u00e8glementations applicables, r\u00e9pondre \u00e0 une<br \/>Enfin, il se peut que nous partagions aussi vos Informations personnelles pour respecter les lois et r\u00e8glementations applicables, r\u00e9pondre \u00e0 une<br \/>assignation, \u00e0 un mandat de perquisition ou \u00e0 toute autre demande l\u00e9gale de renseignements que nous recevons, ou pour prot\u00e9ger nos droits.<br \/>[[INCLURE LE PARAGRAPHE SUIVANT SI VOUS UTILISEZ LE MARKETING DE RELANCE OU LA PUBLICIT\u00c9 CIBL\u00c9E]]<br \/>PUBLICIT\u00c9 COMPORTEMENTALE<br \/>Comme indiqu\u00e9 ci-dessus, nous utilisons vos Informations personnelles pour vous proposer des publicit\u00e9s cibl\u00e9es ou des messages de marketing qui,<br \/>selon nous, pourraient vous int\u00e9resser. Pour en savoir plus sur le fonctionnement de la publicit\u00e9 cibl\u00e9e, vous pouvez consulter la page d&#8217;information de laNetwork Advertising Initiative (NAI) \u00e0 l&#8217;adresse suivante : http:\/\/www.networkadvertising.org\/understanding-online-advertising\/how-does-it-work.<br \/>Vous pouvez refuser la publicit\u00e9 cibl\u00e9e ici :<br \/>[[<br \/>INCLURE LES LIENS DE D\u00c9SACTIVATION DES SERVICES UTILIS\u00c9S.<br \/>QUELQUES LIENS COURANTS :<br \/>FACEBOOK \u2013 https:\/\/www.facebook.com\/settings\/?tab=ads<br \/>GOOGLE \u2013 https:\/\/www.google.com\/settings\/ads\/anonymous<br \/>BING \u2013 https:\/\/about.ads.microsoft.com\/fr-fr\/ressources\/politiques\/annonces-personnalisees<br \/>]]<br \/>En outre, vous pouvez refuser certains de ces services en vous rendant sur le portail de d\u00e9sactivation de Digital Advertising Alliance \u00e0 l&#8217;adresse suivante :<br \/>https:\/\/optout.aboutads.info\/?c=3&amp;lang=fr.<br \/>NE PAS SUIVRE<br \/>Veuillez noter que nous ne modifions pas la collecte de donn\u00e9es de notre Site et nos pratiques d&#8217;utilisation lorsque nous d\u00e9tectons un signal \u00ab Ne pas<br \/>suivre \u00bb sur votre navigateur.<br \/>[[INCLURE LE PARAGRAPHE SUIVANT SI VOUS VOUS SITUEZ EN EUROPE OU SI VOTRE BOUTIQUE A DES CLIENTS EN EUROPE]]<br \/>VOS DROITS<br \/>Si vous \u00eates r\u00e9sident(e) europ\u00e9en(ne), vous disposez d&#8217;un droit d&#8217;acc\u00e8s aux informations personnelles que nous d\u00e9tenons \u00e0 votre sujet et vous pouvez<br \/>demander \u00e0 ce qu&#8217;elles soient corrig\u00e9es, mises \u00e0 jour ou supprim\u00e9es. Si vous souhaitez exercer ce droit, veuillez nous contacter au moyen des<br \/>coordonn\u00e9es pr\u00e9cis\u00e9es ci-dessous.<br \/>Par ailleurs, si vous \u00eates r\u00e9sident(e) europ\u00e9en(ne), notez que nous traitons vos informations dans le but de remplir nos obligations contractuelles \u00e0 votre \u00e9gard (par exemple si vous passez une commande sur le Site) ou de poursuivre nos int\u00e9r\u00eats commerciaux l\u00e9gitimes, \u00e9num\u00e9r\u00e9s ci-dessus. Veuillez<br \/>\u00e9galement noter que vos informations seront transf\u00e9r\u00e9es hors de l&#8217;Europe, y compris au Canada et aux \u00c9tats-Unis.<br \/>R\u00c9TENTION DES DONN\u00c9ES<br \/>Lorsque vous passez une commande par l&#8217;interm\u00e9diaire du Site, nous conservons les Informations sur votre commande dans nos dossiers, sauf si et<br \/>jusqu&#8217;\u00e0 ce que vous nous demandiez de les supprimer.<br \/>[[INS\u00c9RER LE PARAGRAPHE SUIVANT EN CAS D&#8217;OBLIGATION D&#8217;\u00c2GE MINIMUM]]<br \/>MINEURS<br \/>Le Site n&#8217;est pas destin\u00e9 aux individus de moins de [[INS\u00c9RER L&#8217;\u00c2GE]].<br \/>CHANGEMENTS<br \/>Nous pouvons \u00eatre amen\u00e9s \u00e0 modifier la pr\u00e9sente politique de confidentialit\u00e9 de temps \u00e0 autre afin d&#8217;y refl\u00e9ter, par exemple, les changements apport\u00e9s \u00e0 nos pratiques ou pour d&#8217;autres motifs op\u00e9rationnels, juridiques ou r\u00e9glementaires.<br \/>NOUS CONTACTER<br \/>Pour en savoir plus sur nos pratiques de confidentialit\u00e9, si vous avez des questions ou si vous souhaitez d\u00e9poser une r\u00e9clamation, veuillez nous contacter par e-mail \u00e0 lauramarc3449@gmail.com, ou par courrier \u00e0 l&#8217;adresse suivante :<br \/>universit\u00e9 cote d&#8217;azur, Nice, PACA, 06200, France<\/p>\t\t\t\t\t\t\t\t<\/div>\n\t\t\t\t\t<\/div>\n\t\t\t\t<\/div>\n\t\t\t\t<\/div>","protected":false},"excerpt":{"rendered":"<p>Politique de confidentialit\u00e9 de Escapade Naturelle La pr\u00e9sente Politique de confidentialit\u00e9 d\u00e9crit la fa\u00e7on dont vos informations personnelles sont recueillies, utilis\u00e9es et partag\u00e9es lorsque vous vous rendez sur https:\/\/escapadenaturelle7573.live-website.com\/wp-admin\/plugins.php (le \u00ab Site \u00bb).INFORMATIONS PERSONNELLES RECUEILLIESLorsque vous vous rendez sur le Site, nous recueillons automatiquement certaines informations concernant votre appareil, notamment des informations sur votre navigateur &hellip; <\/p>\n<p class=\"link-more\"><a href=\"https:\/\/escapadenaturelle7573.live-website.com\/en\/politique-de-confidentialite\/\" class=\"more-link\">Read more<span class=\"screen-reader-text\"> &#8220;Politique de confidentialit\u00e9&#8221;<\/span><\/a><\/p>","protected":false},"author":1,"featured_media":0,"parent":0,"menu_order":0,"comment_status":"closed","ping_status":"closed","template":"elementor_header_footer","meta":{"_monsterinsights_skip_tracking":false,"_monsterinsights_sitenote_active":false,"_monsterinsights_sitenote_note":"","_monsterinsights_sitenote_category":0,"footnotes":""},"class_list":["post-773","page","type-page","status-publish","hentry"],"yoast_head":"<!-- This site is optimized with the Yoast SEO plugin v26.5 - https:\/\/yoast.com\/wordpress\/plugins\/seo\/ -->\n<title>Politique de confidentialit\u00e9 - escapadenaturelle<\/title>\n<meta name=\"description\" content=\"D\u00e9couvrez sur cette page les politiques de confidentialit\u00e9 d&#039;Escapade Naturelle, notre site d&#039;h\u00e9bergeur insolite de la r\u00e9gion PACA.\" \/>\n<meta name=\"robots\" content=\"index, follow, max-snippet:-1, max-image-preview:large, max-video-preview:-1\" \/>\n<link rel=\"canonical\" href=\"https:\/\/escapadenaturelle7573.live-website.com\/en\/politique-de-confidentialite\/\" \/>\n<meta property=\"og:locale\" content=\"en_GB\" \/>\n<meta property=\"og:type\" content=\"article\" \/>\n<meta property=\"og:title\" content=\"Politique de confidentialit\u00e9 - escapadenaturelle\" \/>\n<meta property=\"og:description\" content=\"D\u00e9couvrez sur cette page les politiques de confidentialit\u00e9 d&#039;Escapade Naturelle, notre site d&#039;h\u00e9bergeur insolite de la r\u00e9gion PACA.\" \/>\n<meta property=\"og:url\" content=\"https:\/\/escapadenaturelle7573.live-website.com\/en\/politique-de-confidentialite\/\" \/>\n<meta property=\"og:site_name\" content=\"escapadenaturelle\" \/>\n<meta property=\"article:modified_time\" content=\"2025-12-02T15:04:57+00:00\" \/>\n<meta property=\"og:image\" content=\"https:\/\/escapadenaturelle7573.live-website.com\/wp-content\/uploads\/2025\/10\/ChatGPT-Image-10-oct.-2025-14_44_21-e1760100345290-1024x247.png\" \/>\n<meta name=\"twitter:card\" content=\"summary_large_image\" \/>\n<meta name=\"twitter:label1\" content=\"Estimated reading time\" \/>\n\t<meta name=\"twitter:data1\" content=\"6 minutes\" \/>\n<script type=\"application\/ld+json\" class=\"yoast-schema-graph\">{\"@context\":\"https:\/\/schema.org\",\"@graph\":[{\"@type\":\"WebPage\",\"@id\":\"https:\/\/escapadenaturelle7573.live-website.com\/politique-de-confidentialite\/\",\"url\":\"https:\/\/escapadenaturelle7573.live-website.com\/politique-de-confidentialite\/\",\"name\":\"Politique de confidentialit\u00e9 - escapadenaturelle\",\"isPartOf\":{\"@id\":\"https:\/\/escapadenaturelle7573.live-website.com\/#website\"},\"primaryImageOfPage\":{\"@id\":\"https:\/\/escapadenaturelle7573.live-website.com\/politique-de-confidentialite\/#primaryimage\"},\"image\":{\"@id\":\"https:\/\/escapadenaturelle7573.live-website.com\/politique-de-confidentialite\/#primaryimage\"},\"thumbnailUrl\":\"https:\/\/escapadenaturelle7573.live-website.com\/wp-content\/uploads\/2025\/10\/ChatGPT-Image-10-oct.-2025-14_44_21-e1760100345290-1024x247.png\",\"datePublished\":\"2025-11-06T15:29:37+00:00\",\"dateModified\":\"2025-12-02T15:04:57+00:00\",\"description\":\"D\u00e9couvrez sur cette page les politiques de confidentialit\u00e9 d'Escapade Naturelle, notre site d'h\u00e9bergeur insolite de la r\u00e9gion PACA.\",\"breadcrumb\":{\"@id\":\"https:\/\/escapadenaturelle7573.live-website.com\/politique-de-confidentialite\/#breadcrumb\"},\"inLanguage\":\"en-GB\",\"potentialAction\":[{\"@type\":\"ReadAction\",\"target\":[\"https:\/\/escapadenaturelle7573.live-website.com\/politique-de-confidentialite\/\"]}]},{\"@type\":\"ImageObject\",\"inLanguage\":\"en-GB\",\"@id\":\"https:\/\/escapadenaturelle7573.live-website.com\/politique-de-confidentialite\/#primaryimage\",\"url\":\"https:\/\/escapadenaturelle7573.live-website.com\/wp-content\/uploads\/2025\/10\/ChatGPT-Image-10-oct.-2025-14_44_21-e1760100345290-1024x247.png\",\"contentUrl\":\"https:\/\/escapadenaturelle7573.live-website.com\/wp-content\/uploads\/2025\/10\/ChatGPT-Image-10-oct.-2025-14_44_21-e1760100345290-1024x247.png\"},{\"@type\":\"BreadcrumbList\",\"@id\":\"https:\/\/escapadenaturelle7573.live-website.com\/politique-de-confidentialite\/#breadcrumb\",\"itemListElement\":[{\"@type\":\"ListItem\",\"position\":1,\"name\":\"Accueil\",\"item\":\"https:\/\/escapadenaturelle7573.live-website.com\/\"},{\"@type\":\"ListItem\",\"position\":2,\"name\":\"Politique de confidentialit\u00e9\"}]},{\"@type\":\"WebSite\",\"@id\":\"https:\/\/escapadenaturelle7573.live-website.com\/#website\",\"url\":\"https:\/\/escapadenaturelle7573.live-website.com\/\",\"name\":\"escapadenaturelle\",\"description\":\"D\u00e9couvrez tous les h\u00e9bergements insolites de la r\u00e9gion PACA !\",\"publisher\":{\"@id\":\"https:\/\/escapadenaturelle7573.live-website.com\/#organization\"},\"potentialAction\":[{\"@type\":\"SearchAction\",\"target\":{\"@type\":\"EntryPoint\",\"urlTemplate\":\"https:\/\/escapadenaturelle7573.live-website.com\/?s={search_term_string}\"},\"query-input\":{\"@type\":\"PropertyValueSpecification\",\"valueRequired\":true,\"valueName\":\"search_term_string\"}}],\"inLanguage\":\"en-GB\"},{\"@type\":\"Organization\",\"@id\":\"https:\/\/escapadenaturelle7573.live-website.com\/#organization\",\"name\":\"escapadenaturelle\",\"url\":\"https:\/\/escapadenaturelle7573.live-website.com\/\",\"logo\":{\"@type\":\"ImageObject\",\"inLanguage\":\"en-GB\",\"@id\":\"https:\/\/escapadenaturelle7573.live-website.com\/#\/schema\/logo\/image\/\",\"url\":\"https:\/\/escapadenaturelle7573.live-website.com\/wp-content\/uploads\/2025\/10\/Logo-escapade-naturelle-e1760087684286.webp\",\"contentUrl\":\"https:\/\/escapadenaturelle7573.live-website.com\/wp-content\/uploads\/2025\/10\/Logo-escapade-naturelle-e1760087684286.webp\",\"width\":1024,\"height\":1024,\"caption\":\"escapadenaturelle\"},\"image\":{\"@id\":\"https:\/\/escapadenaturelle7573.live-website.com\/#\/schema\/logo\/image\/\"}}]}<\/script>\n<!-- \/ Yoast SEO plugin. -->","yoast_head_json":{"title":"Politique de confidentialit\u00e9 - escapadenaturelle","description":"D\u00e9couvrez sur cette page les politiques de confidentialit\u00e9 d'Escapade Naturelle, notre site d'h\u00e9bergeur insolite de la r\u00e9gion PACA.","robots":{"index":"index","follow":"follow","max-snippet":"max-snippet:-1","max-image-preview":"max-image-preview:large","max-video-preview":"max-video-preview:-1"},"canonical":"https:\/\/escapadenaturelle7573.live-website.com\/en\/politique-de-confidentialite\/","og_locale":"en_GB","og_type":"article","og_title":"Politique de confidentialit\u00e9 - escapadenaturelle","og_description":"D\u00e9couvrez sur cette page les politiques de confidentialit\u00e9 d'Escapade Naturelle, notre site d'h\u00e9bergeur insolite de la r\u00e9gion PACA.","og_url":"https:\/\/escapadenaturelle7573.live-website.com\/en\/politique-de-confidentialite\/","og_site_name":"escapadenaturelle","article_modified_time":"2025-12-02T15:04:57+00:00","og_image":[{"url":"https:\/\/escapadenaturelle7573.live-website.com\/wp-content\/uploads\/2025\/10\/ChatGPT-Image-10-oct.-2025-14_44_21-e1760100345290-1024x247.png","type":"","width":"","height":""}],"twitter_card":"summary_large_image","twitter_misc":{"Estimated reading time":"6 minutes"},"schema":{"@context":"https:\/\/schema.org","@graph":[{"@type":"WebPage","@id":"https:\/\/escapadenaturelle7573.live-website.com\/politique-de-confidentialite\/","url":"https:\/\/escapadenaturelle7573.live-website.com\/politique-de-confidentialite\/","name":"Politique de confidentialit\u00e9 - escapadenaturelle","isPartOf":{"@id":"https:\/\/escapadenaturelle7573.live-website.com\/#website"},"primaryImageOfPage":{"@id":"https:\/\/escapadenaturelle7573.live-website.com\/politique-de-confidentialite\/#primaryimage"},"image":{"@id":"https:\/\/escapadenaturelle7573.live-website.com\/politique-de-confidentialite\/#primaryimage"},"thumbnailUrl":"https:\/\/escapadenaturelle7573.live-website.com\/wp-content\/uploads\/2025\/10\/ChatGPT-Image-10-oct.-2025-14_44_21-e1760100345290-1024x247.png","datePublished":"2025-11-06T15:29:37+00:00","dateModified":"2025-12-02T15:04:57+00:00","description":"D\u00e9couvrez sur cette page les politiques de confidentialit\u00e9 d'Escapade Naturelle, notre site d'h\u00e9bergeur insolite de la r\u00e9gion PACA.","breadcrumb":{"@id":"https:\/\/escapadenaturelle7573.live-website.com\/politique-de-confidentialite\/#breadcrumb"},"inLanguage":"en-GB","potentialAction":[{"@type":"ReadAction","target":["https:\/\/escapadenaturelle7573.live-website.com\/politique-de-confidentialite\/"]}]},{"@type":"ImageObject","inLanguage":"en-GB","@id":"https:\/\/escapadenaturelle7573.live-website.com\/politique-de-confidentialite\/#primaryimage","url":"https:\/\/escapadenaturelle7573.live-website.com\/wp-content\/uploads\/2025\/10\/ChatGPT-Image-10-oct.-2025-14_44_21-e1760100345290-1024x247.png","contentUrl":"https:\/\/escapadenaturelle7573.live-website.com\/wp-content\/uploads\/2025\/10\/ChatGPT-Image-10-oct.-2025-14_44_21-e1760100345290-1024x247.png"},{"@type":"BreadcrumbList","@id":"https:\/\/escapadenaturelle7573.live-website.com\/politique-de-confidentialite\/#breadcrumb","itemListElement":[{"@type":"ListItem","position":1,"name":"Accueil","item":"https:\/\/escapadenaturelle7573.live-website.com\/"},{"@type":"ListItem","position":2,"name":"Politique de confidentialit\u00e9"}]},{"@type":"WebSite","@id":"https:\/\/escapadenaturelle7573.live-website.com\/#website","url":"https:\/\/escapadenaturelle7573.live-website.com\/","name":"escapadenaturelle","description":"D\u00e9couvrez tous les h\u00e9bergements insolites de la r\u00e9gion PACA !","publisher":{"@id":"https:\/\/escapadenaturelle7573.live-website.com\/#organization"},"potentialAction":[{"@type":"SearchAction","target":{"@type":"EntryPoint","urlTemplate":"https:\/\/escapadenaturelle7573.live-website.com\/?s={search_term_string}"},"query-input":{"@type":"PropertyValueSpecification","valueRequired":true,"valueName":"search_term_string"}}],"inLanguage":"en-GB"},{"@type":"Organization","@id":"https:\/\/escapadenaturelle7573.live-website.com\/#organization","name":"escapadenaturelle","url":"https:\/\/escapadenaturelle7573.live-website.com\/","logo":{"@type":"ImageObject","inLanguage":"en-GB","@id":"https:\/\/escapadenaturelle7573.live-website.com\/#\/schema\/logo\/image\/","url":"https:\/\/escapadenaturelle7573.live-website.com\/wp-content\/uploads\/2025\/10\/Logo-escapade-naturelle-e1760087684286.webp","contentUrl":"https:\/\/escapadenaturelle7573.live-website.com\/wp-content\/uploads\/2025\/10\/Logo-escapade-naturelle-e1760087684286.webp","width":1024,"height":1024,"caption":"escapadenaturelle"},"image":{"@id":"https:\/\/escapadenaturelle7573.live-website.com\/#\/schema\/logo\/image\/"}}]}},"_links":{"self":[{"href":"https:\/\/escapadenaturelle7573.live-website.com\/en\/wp-json\/wp\/v2\/pages\/773","targetHints":{"allow":["GET"]}}],"collection":[{"href":"https:\/\/escapadenaturelle7573.live-website.com\/en\/wp-json\/wp\/v2\/pages"}],"about":[{"href":"https:\/\/escapadenaturelle7573.live-website.com\/en\/wp-json\/wp\/v2\/types\/page"}],"author":[{"embeddable":true,"href":"https:\/\/escapadenaturelle7573.live-website.com\/en\/wp-json\/wp\/v2\/users\/1"}],"replies":[{"embeddable":true,"href":"https:\/\/escapadenaturelle7573.live-website.com\/en\/wp-json\/wp\/v2\/comments?post=773"}],"version-history":[{"count":16,"href":"https:\/\/escapadenaturelle7573.live-website.com\/en\/wp-json\/wp\/v2\/pages\/773\/revisions"}],"predecessor-version":[{"id":921,"href":"https:\/\/escapadenaturelle7573.live-website.com\/en\/wp-json\/wp\/v2\/pages\/773\/revisions\/921"}],"wp:attachment":[{"href":"https:\/\/escapadenaturelle7573.live-website.com\/en\/wp-json\/wp\/v2\/media?parent=773"}],"curies":[{"name":"wp","href":"https:\/\/api.w.org\/{rel}","templated":true}]}}